{"id":325,"date":"2017-05-22T22:43:24","date_gmt":"2017-05-22T20:43:24","guid":{"rendered":"http:\/\/www.cousumouche.com\/cordiers\/?post_type=product&#038;p=325"},"modified":"2018-03-28T15:02:46","modified_gmt":"2018-03-28T13:02:46","slug":"cordiers-sessions-volume-1","status":"publish","type":"product","link":"https:\/\/www.cousumouche.com\/cordiers\/index.php\/produit\/cordiers-sessions-volume-1\/","title":{"rendered":"Cordiers Sessions &#8211; Volume 1"},"content":{"rendered":"<h4>Pour \u00e9couter les extraits et acheter les chansons au d\u00e9tail :<\/h4>\n<p>01. Remember (Powell) &#8211; David Powell <p class=\"product woocommerce add_to_cart_inline \" style=\"border:4px solid #ccc; padding: 12px;\"><span class=\"woocommerce-Price-amount amount\"><bdi>1,49&nbsp;<span class=\"woocommerce-Price-currencySymbol\">&#67;&#72;&#70;<\/span><\/bdi><\/span><a href=\"?add-to-cart=343\" aria-describedby=\"woocommerce_loop_add_to_cart_link_describedby_343\" data-quantity=\"1\" class=\"button product_type_simple add_to_cart_button ajax_add_to_cart\" data-product_id=\"343\" data-product_sku=\"\" aria-label=\"Ajouter au panier\u00a0: &ldquo;01. Remember (Powell) \u2013 David Powell&rdquo;\" rel=\"nofollow\" data-success_message=\"\u00ab\u00a001. Remember (Powell) \u2013 David Powell\u00a0\u00bb a \u00e9t\u00e9 ajout\u00e9 \u00e0 votre panier\">Ajouter au panier<\/a>\t<span id=\"woocommerce_loop_add_to_cart_link_describedby_343\" class=\"screen-reader-text\">\n\t\t\t<\/span>\n<\/p><\/p>\n<!--[if lt IE 9]><script>document.createElement('audio');<\/script><![endif]-->\n<audio class=\"wp-audio-shortcode\" id=\"audio-325-1\" preload=\"none\" style=\"width: 100%;\" controls=\"controls\"><source type=\"audio\/mpeg\" src=\"http:\/\/www.cousumouche.com\/cordiers\/wp-content\/uploads\/2017\/03\/01-Remember_extrait.mp3?_=1\" \/><a href=\"http:\/\/www.cousumouche.com\/cordiers\/wp-content\/uploads\/2017\/03\/01-Remember_extrait.mp3\">http:\/\/www.cousumouche.com\/cordiers\/wp-content\/uploads\/2017\/03\/01-Remember_extrait.mp3<\/a><\/audio>\n<p>02. Tu (Perruchoud\/Weber) &#8211; Micha\u00ebl Perruchoud <p class=\"product woocommerce add_to_cart_inline \" style=\"border:4px solid #ccc; padding: 12px;\"><span class=\"woocommerce-Price-amount amount\"><bdi>1,49&nbsp;<span class=\"woocommerce-Price-currencySymbol\">&#67;&#72;&#70;<\/span><\/bdi><\/span><a href=\"?add-to-cart=348\" aria-describedby=\"woocommerce_loop_add_to_cart_link_describedby_348\" data-quantity=\"1\" class=\"button product_type_simple add_to_cart_button ajax_add_to_cart\" data-product_id=\"348\" data-product_sku=\"\" aria-label=\"Ajouter au panier\u00a0: &ldquo;02. Tu (Perruchoud\/Weber) \u2013 Micha\u00ebl Perruchoud&rdquo;\" rel=\"nofollow\" data-success_message=\"\u00ab\u00a002. Tu (Perruchoud\/Weber) \u2013 Micha\u00ebl Perruchoud\u00a0\u00bb a \u00e9t\u00e9 ajout\u00e9 \u00e0 votre panier\">Ajouter au panier<\/a>\t<span id=\"woocommerce_loop_add_to_cart_link_describedby_348\" class=\"screen-reader-text\">\n\t\t\t<\/span>\n<\/p><\/p>\n<audio class=\"wp-audio-shortcode\" id=\"audio-325-2\" preload=\"none\" style=\"width: 100%;\" controls=\"controls\"><source type=\"audio\/mpeg\" src=\"http:\/\/www.cousumouche.com\/cordiers\/wp-content\/uploads\/2017\/03\/02-Tu_extrait.mp3?_=2\" \/><a href=\"http:\/\/www.cousumouche.com\/cordiers\/wp-content\/uploads\/2017\/03\/02-Tu_extrait.mp3\">http:\/\/www.cousumouche.com\/cordiers\/wp-content\/uploads\/2017\/03\/02-Tu_extrait.mp3<\/a><\/audio>\n<p>03. Swim (Powell) &#8211; David Powell <p class=\"product woocommerce add_to_cart_inline \" style=\"border:4px solid #ccc; padding: 12px;\"><span class=\"woocommerce-Price-amount amount\"><bdi>1,49&nbsp;<span class=\"woocommerce-Price-currencySymbol\">&#67;&#72;&#70;<\/span><\/bdi><\/span><a href=\"?add-to-cart=349\" aria-describedby=\"woocommerce_loop_add_to_cart_link_describedby_349\" data-quantity=\"1\" class=\"button product_type_simple add_to_cart_button ajax_add_to_cart\" data-product_id=\"349\" data-product_sku=\"\" aria-label=\"Ajouter au panier\u00a0: &ldquo;03. Swim (Powell) \u2013 David Powell&rdquo;\" rel=\"nofollow\" data-success_message=\"\u00ab\u00a003. Swim (Powell) \u2013 David Powell\u00a0\u00bb a \u00e9t\u00e9 ajout\u00e9 \u00e0 votre panier\">Ajouter au panier<\/a>\t<span id=\"woocommerce_loop_add_to_cart_link_describedby_349\" class=\"screen-reader-text\">\n\t\t\t<\/span>\n<\/p><\/p>\n<audio class=\"wp-audio-shortcode\" id=\"audio-325-3\" preload=\"none\" style=\"width: 100%;\" controls=\"controls\"><source type=\"audio\/mpeg\" src=\"http:\/\/www.cousumouche.com\/cordiers\/wp-content\/uploads\/2017\/05\/03-Swim_extrait.mp3?_=3\" \/><a href=\"http:\/\/www.cousumouche.com\/cordiers\/wp-content\/uploads\/2017\/05\/03-Swim_extrait.mp3\">http:\/\/www.cousumouche.com\/cordiers\/wp-content\/uploads\/2017\/05\/03-Swim_extrait.mp3<\/a><\/audio>\n<p>04. En remontant la rue de Carouge (Couture) &#8211; S\u00e9bastien Gabriel <p class=\"product woocommerce add_to_cart_inline \" style=\"border:4px solid #ccc; padding: 12px;\"><span class=\"woocommerce-Price-amount amount\"><bdi>1,49&nbsp;<span class=\"woocommerce-Price-currencySymbol\">&#67;&#72;&#70;<\/span><\/bdi><\/span><a href=\"?add-to-cart=350\" aria-describedby=\"woocommerce_loop_add_to_cart_link_describedby_350\" data-quantity=\"1\" class=\"button product_type_simple add_to_cart_button ajax_add_to_cart\" data-product_id=\"350\" data-product_sku=\"\" aria-label=\"Ajouter au panier\u00a0: &ldquo;04. En remontant la rue de Carouge (Couture) \u2013 S\u00e9bastien Gabriel&rdquo;\" rel=\"nofollow\" data-success_message=\"\u00ab\u00a004. En remontant la rue de Carouge (Couture) \u2013 S\u00e9bastien Gabriel\u00a0\u00bb a \u00e9t\u00e9 ajout\u00e9 \u00e0 votre panier\">Ajouter au panier<\/a>\t<span id=\"woocommerce_loop_add_to_cart_link_describedby_350\" class=\"screen-reader-text\">\n\t\t\t<\/span>\n<\/p><\/p>\n<audio class=\"wp-audio-shortcode\" id=\"audio-325-4\" preload=\"none\" style=\"width: 100%;\" controls=\"controls\"><source type=\"audio\/mpeg\" src=\"http:\/\/www.cousumouche.com\/cordiers\/wp-content\/uploads\/2017\/05\/04-En-remontant-la-rue-de-Carouge_extrait.mp3?_=4\" \/><a href=\"http:\/\/www.cousumouche.com\/cordiers\/wp-content\/uploads\/2017\/05\/04-En-remontant-la-rue-de-Carouge_extrait.mp3\">http:\/\/www.cousumouche.com\/cordiers\/wp-content\/uploads\/2017\/05\/04-En-remontant-la-rue-de-Carouge_extrait.mp3<\/a><\/audio>\n<p>05. Trop de gens (Perruchoud\/Weber) &#8211; Anthony Weber <p class=\"product woocommerce add_to_cart_inline \" style=\"border:4px solid #ccc; padding: 12px;\"><span class=\"woocommerce-Price-amount amount\"><bdi>1,49&nbsp;<span class=\"woocommerce-Price-currencySymbol\">&#67;&#72;&#70;<\/span><\/bdi><\/span><a href=\"?add-to-cart=351\" aria-describedby=\"woocommerce_loop_add_to_cart_link_describedby_351\" data-quantity=\"1\" class=\"button product_type_simple add_to_cart_button ajax_add_to_cart\" data-product_id=\"351\" data-product_sku=\"\" aria-label=\"Ajouter au panier\u00a0: &ldquo;05. Trop de gens (Perruchoud\/Weber) \u2013 Anthony Weber&rdquo;\" rel=\"nofollow\" data-success_message=\"\u00ab\u00a005. Trop de gens (Perruchoud\/Weber) \u2013 Anthony Weber\u00a0\u00bb a \u00e9t\u00e9 ajout\u00e9 \u00e0 votre panier\">Ajouter au panier<\/a>\t<span id=\"woocommerce_loop_add_to_cart_link_describedby_351\" class=\"screen-reader-text\">\n\t\t\t<\/span>\n<\/p><\/p>\n<audio class=\"wp-audio-shortcode\" id=\"audio-325-5\" preload=\"none\" style=\"width: 100%;\" controls=\"controls\"><source type=\"audio\/mpeg\" src=\"http:\/\/www.cousumouche.com\/cordiers\/wp-content\/uploads\/2017\/05\/05-Trop-de-gens_extrait.mp3?_=5\" \/><a href=\"http:\/\/www.cousumouche.com\/cordiers\/wp-content\/uploads\/2017\/05\/05-Trop-de-gens_extrait.mp3\">http:\/\/www.cousumouche.com\/cordiers\/wp-content\/uploads\/2017\/05\/05-Trop-de-gens_extrait.mp3<\/a><\/audio>\n<p>06. Down to the Bones (Powell) &#8211; David Powell <p class=\"product woocommerce add_to_cart_inline \" style=\"border:4px solid #ccc; padding: 12px;\"><span class=\"woocommerce-Price-amount amount\"><bdi>1,49&nbsp;<span class=\"woocommerce-Price-currencySymbol\">&#67;&#72;&#70;<\/span><\/bdi><\/span><a href=\"?add-to-cart=352\" aria-describedby=\"woocommerce_loop_add_to_cart_link_describedby_352\" data-quantity=\"1\" class=\"button product_type_simple add_to_cart_button ajax_add_to_cart\" data-product_id=\"352\" data-product_sku=\"\" aria-label=\"Ajouter au panier\u00a0: &ldquo;06. Down to the Bones (Powell) \u2013 David Powell&rdquo;\" rel=\"nofollow\" data-success_message=\"\u00ab\u00a006. Down to the Bones (Powell) \u2013 David Powell\u00a0\u00bb a \u00e9t\u00e9 ajout\u00e9 \u00e0 votre panier\">Ajouter au panier<\/a>\t<span id=\"woocommerce_loop_add_to_cart_link_describedby_352\" class=\"screen-reader-text\">\n\t\t\t<\/span>\n<\/p><\/p>\n<audio class=\"wp-audio-shortcode\" id=\"audio-325-6\" preload=\"none\" style=\"width: 100%;\" controls=\"controls\"><source type=\"audio\/mpeg\" src=\"http:\/\/www.cousumouche.com\/cordiers\/wp-content\/uploads\/2017\/05\/06-Down-to-the-Bones_extrait.mp3?_=6\" \/><a href=\"http:\/\/www.cousumouche.com\/cordiers\/wp-content\/uploads\/2017\/05\/06-Down-to-the-Bones_extrait.mp3\">http:\/\/www.cousumouche.com\/cordiers\/wp-content\/uploads\/2017\/05\/06-Down-to-the-Bones_extrait.mp3<\/a><\/audio>\n<p>07. Fromage ou dessert (Perruchoud\/Couture) &#8211; S\u00e9bastien Gabriel <p class=\"product woocommerce add_to_cart_inline \" style=\"border:4px solid #ccc; padding: 12px;\"><span class=\"woocommerce-Price-amount amount\"><bdi>1,49&nbsp;<span class=\"woocommerce-Price-currencySymbol\">&#67;&#72;&#70;<\/span><\/bdi><\/span><a href=\"?add-to-cart=353\" aria-describedby=\"woocommerce_loop_add_to_cart_link_describedby_353\" data-quantity=\"1\" class=\"button product_type_simple add_to_cart_button ajax_add_to_cart\" data-product_id=\"353\" data-product_sku=\"\" aria-label=\"Ajouter au panier\u00a0: &ldquo;07. Fromage ou dessert (Perruchoud\/Couture) \u2013 S\u00e9bastien Gabriel&rdquo;\" rel=\"nofollow\" data-success_message=\"\u00ab\u00a007. Fromage ou dessert (Perruchoud\/Couture) \u2013 S\u00e9bastien Gabriel\u00a0\u00bb a \u00e9t\u00e9 ajout\u00e9 \u00e0 votre panier\">Ajouter au panier<\/a>\t<span id=\"woocommerce_loop_add_to_cart_link_describedby_353\" class=\"screen-reader-text\">\n\t\t\t<\/span>\n<\/p><\/p>\n<audio class=\"wp-audio-shortcode\" id=\"audio-325-7\" preload=\"none\" style=\"width: 100%;\" controls=\"controls\"><source type=\"audio\/mpeg\" src=\"http:\/\/www.cousumouche.com\/cordiers\/wp-content\/uploads\/2017\/05\/07-Fromage-ou-dessert_extrait.mp3?_=7\" \/><a href=\"http:\/\/www.cousumouche.com\/cordiers\/wp-content\/uploads\/2017\/05\/07-Fromage-ou-dessert_extrait.mp3\">http:\/\/www.cousumouche.com\/cordiers\/wp-content\/uploads\/2017\/05\/07-Fromage-ou-dessert_extrait.mp3<\/a><\/audio>\n<p>08. Mal \u00e0 la t\u00eate dans les nuages (Perruchoud) &#8211; Micha\u00ebl Perruchoud <p class=\"product woocommerce add_to_cart_inline \" style=\"border:4px solid #ccc; padding: 12px;\"><span class=\"woocommerce-Price-amount amount\"><bdi>1,49&nbsp;<span class=\"woocommerce-Price-currencySymbol\">&#67;&#72;&#70;<\/span><\/bdi><\/span><a href=\"?add-to-cart=354\" aria-describedby=\"woocommerce_loop_add_to_cart_link_describedby_354\" data-quantity=\"1\" class=\"button product_type_simple add_to_cart_button ajax_add_to_cart\" data-product_id=\"354\" data-product_sku=\"\" aria-label=\"Ajouter au panier\u00a0: &ldquo;08. Mal \u00e0 la t\u00eate dans les nuages (Perruchoud) \u2013 Micha\u00ebl Perruchoud&rdquo;\" rel=\"nofollow\" data-success_message=\"\u00ab\u00a008. Mal \u00e0 la t\u00eate dans les nuages (Perruchoud) \u2013 Micha\u00ebl Perruchoud\u00a0\u00bb a \u00e9t\u00e9 ajout\u00e9 \u00e0 votre panier\">Ajouter au panier<\/a>\t<span id=\"woocommerce_loop_add_to_cart_link_describedby_354\" class=\"screen-reader-text\">\n\t\t\t<\/span>\n<\/p><\/p>\n<audio class=\"wp-audio-shortcode\" id=\"audio-325-8\" preload=\"none\" style=\"width: 100%;\" controls=\"controls\"><source type=\"audio\/mpeg\" src=\"http:\/\/www.cousumouche.com\/cordiers\/wp-content\/uploads\/2017\/05\/08-Mal-a-la-tete-dans-les-nuages_extrait.mp3?_=8\" \/><a href=\"http:\/\/www.cousumouche.com\/cordiers\/wp-content\/uploads\/2017\/05\/08-Mal-a-la-tete-dans-les-nuages_extrait.mp3\">http:\/\/www.cousumouche.com\/cordiers\/wp-content\/uploads\/2017\/05\/08-Mal-a-la-tete-dans-les-nuages_extrait.mp3<\/a><\/audio>\n<p>09. Order (Powell) &#8211; David Powell <p class=\"product woocommerce add_to_cart_inline \" style=\"border:4px solid #ccc; padding: 12px;\"><span class=\"woocommerce-Price-amount amount\"><bdi>1,49&nbsp;<span class=\"woocommerce-Price-currencySymbol\">&#67;&#72;&#70;<\/span><\/bdi><\/span><a href=\"?add-to-cart=355\" aria-describedby=\"woocommerce_loop_add_to_cart_link_describedby_355\" data-quantity=\"1\" class=\"button product_type_simple add_to_cart_button ajax_add_to_cart\" data-product_id=\"355\" data-product_sku=\"\" aria-label=\"Ajouter au panier\u00a0: &ldquo;09. Order (Powell) \u2013 David Powell&rdquo;\" rel=\"nofollow\" data-success_message=\"\u00ab\u00a009. Order (Powell) \u2013 David Powell\u00a0\u00bb a \u00e9t\u00e9 ajout\u00e9 \u00e0 votre panier\">Ajouter au panier<\/a>\t<span id=\"woocommerce_loop_add_to_cart_link_describedby_355\" class=\"screen-reader-text\">\n\t\t\t<\/span>\n<\/p><\/p>\n<audio class=\"wp-audio-shortcode\" id=\"audio-325-9\" preload=\"none\" style=\"width: 100%;\" controls=\"controls\"><source type=\"audio\/mpeg\" src=\"http:\/\/www.cousumouche.com\/cordiers\/wp-content\/uploads\/2017\/05\/09-Order_extrait.mp3?_=9\" \/><a href=\"http:\/\/www.cousumouche.com\/cordiers\/wp-content\/uploads\/2017\/05\/09-Order_extrait.mp3\">http:\/\/www.cousumouche.com\/cordiers\/wp-content\/uploads\/2017\/05\/09-Order_extrait.mp3<\/a><\/audio>\n<p>10. La Ligne de flottaison (Perruchoud\/Perruchoud-Weber) &#8211; Micha\u00ebl Perruchoud <p class=\"product woocommerce add_to_cart_inline \" style=\"border:4px solid #ccc; padding: 12px;\"><span class=\"woocommerce-Price-amount amount\"><bdi>1,49&nbsp;<span class=\"woocommerce-Price-currencySymbol\">&#67;&#72;&#70;<\/span><\/bdi><\/span><a href=\"?add-to-cart=356\" aria-describedby=\"woocommerce_loop_add_to_cart_link_describedby_356\" data-quantity=\"1\" class=\"button product_type_simple add_to_cart_button ajax_add_to_cart\" data-product_id=\"356\" data-product_sku=\"\" aria-label=\"Ajouter au panier\u00a0: &ldquo;10. La Ligne de flottaison (Perruchoud\/Perruchoud-Weber) \u2013 Micha\u00ebl Perruchoud&rdquo;\" rel=\"nofollow\" data-success_message=\"\u00ab\u00a010. La Ligne de flottaison (Perruchoud\/Perruchoud-Weber) \u2013 Micha\u00ebl Perruchoud\u00a0\u00bb a \u00e9t\u00e9 ajout\u00e9 \u00e0 votre panier\">Ajouter au panier<\/a>\t<span id=\"woocommerce_loop_add_to_cart_link_describedby_356\" class=\"screen-reader-text\">\n\t\t\t<\/span>\n<\/p><\/p>\n<audio class=\"wp-audio-shortcode\" id=\"audio-325-10\" preload=\"none\" style=\"width: 100%;\" controls=\"controls\"><source type=\"audio\/mpeg\" src=\"http:\/\/www.cousumouche.com\/cordiers\/wp-content\/uploads\/2017\/05\/10-La-ligne-de-flottaison_extrait.mp3?_=10\" \/><a href=\"http:\/\/www.cousumouche.com\/cordiers\/wp-content\/uploads\/2017\/05\/10-La-ligne-de-flottaison_extrait.mp3\">http:\/\/www.cousumouche.com\/cordiers\/wp-content\/uploads\/2017\/05\/10-La-ligne-de-flottaison_extrait.mp3<\/a><\/audio>\n<p>11. De m\u00e9moire d\u2019homme (Couture) &#8211; S\u00e9bastien Gabriel <p class=\"product woocommerce add_to_cart_inline \" style=\"border:4px solid #ccc; padding: 12px;\"><span class=\"woocommerce-Price-amount amount\"><bdi>1,49&nbsp;<span class=\"woocommerce-Price-currencySymbol\">&#67;&#72;&#70;<\/span><\/bdi><\/span><a href=\"?add-to-cart=357\" aria-describedby=\"woocommerce_loop_add_to_cart_link_describedby_357\" data-quantity=\"1\" class=\"button product_type_simple add_to_cart_button ajax_add_to_cart\" data-product_id=\"357\" data-product_sku=\"\" aria-label=\"Ajouter au panier\u00a0: &ldquo;11. De m\u00e9moire d\u2019homme (Couture) \u2013 S\u00e9bastien Gabriel&rdquo;\" rel=\"nofollow\" data-success_message=\"\u00ab\u00a011. De m\u00e9moire d\u2019homme (Couture) \u2013 S\u00e9bastien Gabriel\u00a0\u00bb a \u00e9t\u00e9 ajout\u00e9 \u00e0 votre panier\">Ajouter au panier<\/a>\t<span id=\"woocommerce_loop_add_to_cart_link_describedby_357\" class=\"screen-reader-text\">\n\t\t\t<\/span>\n<\/p><\/p>\n<audio class=\"wp-audio-shortcode\" id=\"audio-325-11\" preload=\"none\" style=\"width: 100%;\" controls=\"controls\"><source type=\"audio\/mpeg\" src=\"http:\/\/www.cousumouche.com\/cordiers\/wp-content\/uploads\/2017\/05\/11-De-memoire-dhomme_extrait.mp3?_=11\" \/><a href=\"http:\/\/www.cousumouche.com\/cordiers\/wp-content\/uploads\/2017\/05\/11-De-memoire-dhomme_extrait.mp3\">http:\/\/www.cousumouche.com\/cordiers\/wp-content\/uploads\/2017\/05\/11-De-memoire-dhomme_extrait.mp3<\/a><\/audio>\n<p>12. Airolo (Perruchoud) &#8211; Micha\u00ebl Perruchoud <p class=\"product woocommerce add_to_cart_inline \" style=\"border:4px solid #ccc; padding: 12px;\"><span class=\"woocommerce-Price-amount amount\"><bdi>1,49&nbsp;<span class=\"woocommerce-Price-currencySymbol\">&#67;&#72;&#70;<\/span><\/bdi><\/span><a href=\"?add-to-cart=358\" aria-describedby=\"woocommerce_loop_add_to_cart_link_describedby_358\" data-quantity=\"1\" class=\"button product_type_simple add_to_cart_button ajax_add_to_cart\" data-product_id=\"358\" data-product_sku=\"\" aria-label=\"Ajouter au panier\u00a0: &ldquo;12. Airolo (Perruchoud) \u2013 Micha\u00ebl Perruchoud&rdquo;\" rel=\"nofollow\" data-success_message=\"\u00ab\u00a012. Airolo (Perruchoud) \u2013 Micha\u00ebl Perruchoud\u00a0\u00bb a \u00e9t\u00e9 ajout\u00e9 \u00e0 votre panier\">Ajouter au panier<\/a>\t<span id=\"woocommerce_loop_add_to_cart_link_describedby_358\" class=\"screen-reader-text\">\n\t\t\t<\/span>\n<\/p><\/p>\n<audio class=\"wp-audio-shortcode\" id=\"audio-325-12\" preload=\"none\" style=\"width: 100%;\" controls=\"controls\"><source type=\"audio\/mpeg\" src=\"http:\/\/www.cousumouche.com\/cordiers\/wp-content\/uploads\/2017\/05\/12-Airolo_extrait.mp3?_=12\" \/><a href=\"http:\/\/www.cousumouche.com\/cordiers\/wp-content\/uploads\/2017\/05\/12-Airolo_extrait.mp3\">http:\/\/www.cousumouche.com\/cordiers\/wp-content\/uploads\/2017\/05\/12-Airolo_extrait.mp3<\/a><\/audio>\n","protected":false},"excerpt":{"rendered":"<p>(au format mp3 (320 kbps))<\/p>\n","protected":false},"featured_media":212,"comment_status":"open","ping_status":"closed","template":"","meta":[],"product_cat":[19],"product_tag":[],"class_list":{"0":"post-325","1":"product","2":"type-product","3":"status-publish","4":"has-post-thumbnail","6":"product_cat-non-classe","8":"first","9":"instock","10":"downloadable","11":"virtual","12":"purchasable","13":"product-type-simple"},"_links":{"self":[{"href":"https:\/\/www.cousumouche.com\/cordiers\/index.php\/wp-json\/wp\/v2\/product\/325"}],"collection":[{"href":"https:\/\/www.cousumouche.com\/cordiers\/index.php\/wp-json\/wp\/v2\/product"}],"about":[{"href":"https:\/\/www.cousumouche.com\/cordiers\/index.php\/wp-json\/wp\/v2\/types\/product"}],"replies":[{"embeddable":true,"href":"https:\/\/www.cousumouche.com\/cordiers\/index.php\/wp-json\/wp\/v2\/comments?post=325"}],"wp:featuredmedia":[{"embeddable":true,"href":"https:\/\/www.cousumouche.com\/cordiers\/index.php\/wp-json\/wp\/v2\/media\/212"}],"wp:attachment":[{"href":"https:\/\/www.cousumouche.com\/cordiers\/index.php\/wp-json\/wp\/v2\/media?parent=325"}],"wp:term":[{"taxonomy":"product_cat","embeddable":true,"href":"https:\/\/www.cousumouche.com\/cordiers\/index.php\/wp-json\/wp\/v2\/product_cat?post=325"},{"taxonomy":"product_tag","embeddable":true,"href":"https:\/\/www.cousumouche.com\/cordiers\/index.php\/wp-json\/wp\/v2\/product_tag?post=325"}],"curies":[{"name":"wp","href":"https:\/\/api.w.org\/{rel}","templated":true}]}}