{"id":419,"date":"2018-04-09T22:02:05","date_gmt":"2018-04-09T20:02:05","guid":{"rendered":"http:\/\/www.cousumouche.com\/cordiers\/?post_type=product&#038;p=419"},"modified":"2018-04-09T22:31:41","modified_gmt":"2018-04-09T20:31:41","slug":"cordiers-sessions-volume-2","status":"publish","type":"product","link":"https:\/\/www.cousumouche.com\/cordiers\/index.php\/produit\/cordiers-sessions-volume-2\/","title":{"rendered":"Cordiers Sessions &#8211; Volume 2"},"content":{"rendered":"<h4>Pour \u00e9couter les extraits et acheter les chansons au d\u00e9tail :<\/h4>\n<p>01. Si les bars fermaient plus tard (Couture) &#8211; S\u00e9bastien Gabriel <p class=\"product woocommerce add_to_cart_inline \" style=\"border:4px solid #ccc; padding: 12px;\"><span class=\"woocommerce-Price-amount amount\"><bdi>1,49&nbsp;<span class=\"woocommerce-Price-currencySymbol\">&#67;&#72;&#70;<\/span><\/bdi><\/span><a href=\"?add-to-cart=389\" aria-describedby=\"woocommerce_loop_add_to_cart_link_describedby_389\" data-quantity=\"1\" class=\"button product_type_simple add_to_cart_button ajax_add_to_cart\" data-product_id=\"389\" data-product_sku=\"\" aria-label=\"Ajouter au panier\u00a0: &ldquo;01. Si les bars fermaient plus tard (Couture) \u2013 S\u00e9bastien Gabriel&rdquo;\" rel=\"nofollow\" data-success_message=\"\u00ab\u00a001. Si les bars fermaient plus tard (Couture) \u2013 S\u00e9bastien Gabriel\u00a0\u00bb a \u00e9t\u00e9 ajout\u00e9 \u00e0 votre panier\">Ajouter au panier<\/a>\t<span id=\"woocommerce_loop_add_to_cart_link_describedby_389\" class=\"screen-reader-text\">\n\t\t\t<\/span>\n<\/p><\/p>\n<!--[if lt IE 9]><script>document.createElement('audio');<\/script><![endif]-->\n<audio class=\"wp-audio-shortcode\" id=\"audio-419-1\" preload=\"none\" style=\"width: 100%;\" controls=\"controls\"><source type=\"audio\/mpeg\" src=\"http:\/\/www.cousumouche.com\/cordiers\/wp-content\/uploads\/2018\/04\/01-si-les-bars-fermaient-plus-tard_extrait.mp3?_=1\" \/><a href=\"http:\/\/www.cousumouche.com\/cordiers\/wp-content\/uploads\/2018\/04\/01-si-les-bars-fermaient-plus-tard_extrait.mp3\">http:\/\/www.cousumouche.com\/cordiers\/wp-content\/uploads\/2018\/04\/01-si-les-bars-fermaient-plus-tard_extrait.mp3<\/a><\/audio>\n<p>02. God so Beautiful (Powell) \u2013 David Powell <p class=\"product woocommerce add_to_cart_inline \" style=\"border:4px solid #ccc; padding: 12px;\"><span class=\"woocommerce-Price-amount amount\"><bdi>1,49&nbsp;<span class=\"woocommerce-Price-currencySymbol\">&#67;&#72;&#70;<\/span><\/bdi><\/span><a href=\"?add-to-cart=391\" aria-describedby=\"woocommerce_loop_add_to_cart_link_describedby_391\" data-quantity=\"1\" class=\"button product_type_simple add_to_cart_button ajax_add_to_cart\" data-product_id=\"391\" data-product_sku=\"\" aria-label=\"Ajouter au panier\u00a0: &ldquo;02. God so Beautiful (Powell) \u2013 David Powell&rdquo;\" rel=\"nofollow\" data-success_message=\"\u00ab\u00a002. God so Beautiful (Powell) \u2013 David Powell\u00a0\u00bb a \u00e9t\u00e9 ajout\u00e9 \u00e0 votre panier\">Ajouter au panier<\/a>\t<span id=\"woocommerce_loop_add_to_cart_link_describedby_391\" class=\"screen-reader-text\">\n\t\t\t<\/span>\n<\/p><\/p>\n<audio class=\"wp-audio-shortcode\" id=\"audio-419-2\" preload=\"none\" style=\"width: 100%;\" controls=\"controls\"><source type=\"audio\/mpeg\" src=\"http:\/\/www.cousumouche.com\/cordiers\/wp-content\/uploads\/2018\/04\/02-god-so-beautiful_extrait.mp3?_=2\" \/><a href=\"http:\/\/www.cousumouche.com\/cordiers\/wp-content\/uploads\/2018\/04\/02-god-so-beautiful_extrait.mp3\">http:\/\/www.cousumouche.com\/cordiers\/wp-content\/uploads\/2018\/04\/02-god-so-beautiful_extrait.mp3<\/a><\/audio>\n<p>03. Survivre \u00e0 tout \u00e7a (Perruchoud\/Powell) \u2013 Micha\u00ebl Perruchoud <p class=\"product woocommerce add_to_cart_inline \" style=\"border:4px solid #ccc; padding: 12px;\"><span class=\"woocommerce-Price-amount amount\"><bdi>1,49&nbsp;<span class=\"woocommerce-Price-currencySymbol\">&#67;&#72;&#70;<\/span><\/bdi><\/span><a href=\"?add-to-cart=404\" aria-describedby=\"woocommerce_loop_add_to_cart_link_describedby_404\" data-quantity=\"1\" class=\"button product_type_simple add_to_cart_button ajax_add_to_cart\" data-product_id=\"404\" data-product_sku=\"\" aria-label=\"Ajouter au panier\u00a0: &ldquo;03. Survivre \u00e0 tout \u00e7a (Perruchoud\/Powell) \u2013 Micha\u00ebl Perruchoud&rdquo;\" rel=\"nofollow\" data-success_message=\"\u00ab\u00a003. Survivre \u00e0 tout \u00e7a (Perruchoud\/Powell) \u2013 Micha\u00ebl Perruchoud\u00a0\u00bb a \u00e9t\u00e9 ajout\u00e9 \u00e0 votre panier\">Ajouter au panier<\/a>\t<span id=\"woocommerce_loop_add_to_cart_link_describedby_404\" class=\"screen-reader-text\">\n\t\t\t<\/span>\n<\/p><\/p>\n<audio class=\"wp-audio-shortcode\" id=\"audio-419-3\" preload=\"none\" style=\"width: 100%;\" controls=\"controls\"><source type=\"audio\/mpeg\" src=\"http:\/\/www.cousumouche.com\/cordiers\/wp-content\/uploads\/2018\/04\/03-survivre-a-tout-ca_extrait.mp3?_=3\" \/><a href=\"http:\/\/www.cousumouche.com\/cordiers\/wp-content\/uploads\/2018\/04\/03-survivre-a-tout-ca_extrait.mp3\">http:\/\/www.cousumouche.com\/cordiers\/wp-content\/uploads\/2018\/04\/03-survivre-a-tout-ca_extrait.mp3<\/a><\/audio>\n<p>04. Beyrouth (Perruchoud\/Couture) \u2013 S\u00e9bastien Gabriel <p class=\"product woocommerce add_to_cart_inline \" style=\"border:4px solid #ccc; padding: 12px;\"><span class=\"woocommerce-Price-amount amount\"><bdi>1,49&nbsp;<span class=\"woocommerce-Price-currencySymbol\">&#67;&#72;&#70;<\/span><\/bdi><\/span><a href=\"?add-to-cart=405\" aria-describedby=\"woocommerce_loop_add_to_cart_link_describedby_405\" data-quantity=\"1\" class=\"button product_type_simple add_to_cart_button ajax_add_to_cart\" data-product_id=\"405\" data-product_sku=\"\" aria-label=\"Ajouter au panier\u00a0: &ldquo;04. Beyrouth (Perruchoud\/Couture) \u2013 S\u00e9bastien Gabriel&rdquo;\" rel=\"nofollow\" data-success_message=\"\u00ab\u00a004. Beyrouth (Perruchoud\/Couture) \u2013 S\u00e9bastien Gabriel\u00a0\u00bb a \u00e9t\u00e9 ajout\u00e9 \u00e0 votre panier\">Ajouter au panier<\/a>\t<span id=\"woocommerce_loop_add_to_cart_link_describedby_405\" class=\"screen-reader-text\">\n\t\t\t<\/span>\n<\/p><\/p>\n<audio class=\"wp-audio-shortcode\" id=\"audio-419-4\" preload=\"none\" style=\"width: 100%;\" controls=\"controls\"><source type=\"audio\/mpeg\" src=\"http:\/\/www.cousumouche.com\/cordiers\/wp-content\/uploads\/2018\/04\/04-beyrouth_extrait.mp3?_=4\" \/><a href=\"http:\/\/www.cousumouche.com\/cordiers\/wp-content\/uploads\/2018\/04\/04-beyrouth_extrait.mp3\">http:\/\/www.cousumouche.com\/cordiers\/wp-content\/uploads\/2018\/04\/04-beyrouth_extrait.mp3<\/a><\/audio>\n<p>05. Don\u2019t You Dare (Powell) \u2013 David Powell <p class=\"product woocommerce add_to_cart_inline \" style=\"border:4px solid #ccc; padding: 12px;\"><span class=\"woocommerce-Price-amount amount\"><bdi>1,49&nbsp;<span class=\"woocommerce-Price-currencySymbol\">&#67;&#72;&#70;<\/span><\/bdi><\/span><a href=\"?add-to-cart=406\" aria-describedby=\"woocommerce_loop_add_to_cart_link_describedby_406\" data-quantity=\"1\" class=\"button product_type_simple add_to_cart_button ajax_add_to_cart\" data-product_id=\"406\" data-product_sku=\"\" aria-label=\"Ajouter au panier\u00a0: &ldquo;05. Don\u2019t You Dare (Powell) \u2013 David Powell&rdquo;\" rel=\"nofollow\" data-success_message=\"\u00ab\u00a005. Don\u2019t You Dare (Powell) \u2013 David Powell\u00a0\u00bb a \u00e9t\u00e9 ajout\u00e9 \u00e0 votre panier\">Ajouter au panier<\/a>\t<span id=\"woocommerce_loop_add_to_cart_link_describedby_406\" class=\"screen-reader-text\">\n\t\t\t<\/span>\n<\/p><\/p>\n<audio class=\"wp-audio-shortcode\" id=\"audio-419-5\" preload=\"none\" style=\"width: 100%;\" controls=\"controls\"><source type=\"audio\/mpeg\" src=\"http:\/\/www.cousumouche.com\/cordiers\/wp-content\/uploads\/2018\/04\/05-don-t-you-dare_extrait.mp3?_=5\" \/><a href=\"http:\/\/www.cousumouche.com\/cordiers\/wp-content\/uploads\/2018\/04\/05-don-t-you-dare_extrait.mp3\">http:\/\/www.cousumouche.com\/cordiers\/wp-content\/uploads\/2018\/04\/05-don-t-you-dare_extrait.mp3<\/a><\/audio>\n<p>06. \u00c0 la hache (Perruchoud\/Weber) \u2013 Anthony Weber <p class=\"product woocommerce add_to_cart_inline \" style=\"border:4px solid #ccc; padding: 12px;\"><span class=\"woocommerce-Price-amount amount\"><bdi>1,49&nbsp;<span class=\"woocommerce-Price-currencySymbol\">&#67;&#72;&#70;<\/span><\/bdi><\/span><a href=\"?add-to-cart=407\" aria-describedby=\"woocommerce_loop_add_to_cart_link_describedby_407\" data-quantity=\"1\" class=\"button product_type_simple add_to_cart_button ajax_add_to_cart\" data-product_id=\"407\" data-product_sku=\"\" aria-label=\"Ajouter au panier\u00a0: &ldquo;06. \u00c0 la hache (Perruchoud\/Weber) \u2013 Anthony Weber&rdquo;\" rel=\"nofollow\" data-success_message=\"\u00ab\u00a006. \u00c0 la hache (Perruchoud\/Weber) \u2013 Anthony Weber\u00a0\u00bb a \u00e9t\u00e9 ajout\u00e9 \u00e0 votre panier\">Ajouter au panier<\/a>\t<span id=\"woocommerce_loop_add_to_cart_link_describedby_407\" class=\"screen-reader-text\">\n\t\t\t<\/span>\n<\/p><\/p>\n<audio class=\"wp-audio-shortcode\" id=\"audio-419-6\" preload=\"none\" style=\"width: 100%;\" controls=\"controls\"><source type=\"audio\/mpeg\" src=\"http:\/\/www.cousumouche.com\/cordiers\/wp-content\/uploads\/2018\/04\/06-a-la-hache_extrait.mp3?_=6\" \/><a href=\"http:\/\/www.cousumouche.com\/cordiers\/wp-content\/uploads\/2018\/04\/06-a-la-hache_extrait.mp3\">http:\/\/www.cousumouche.com\/cordiers\/wp-content\/uploads\/2018\/04\/06-a-la-hache_extrait.mp3<\/a><\/audio>\n<p>07. My Eyes (Powell) \u2013 David Powell <p class=\"product woocommerce add_to_cart_inline \" style=\"border:4px solid #ccc; padding: 12px;\"><span class=\"woocommerce-Price-amount amount\"><bdi>1,49&nbsp;<span class=\"woocommerce-Price-currencySymbol\">&#67;&#72;&#70;<\/span><\/bdi><\/span><a href=\"?add-to-cart=408\" aria-describedby=\"woocommerce_loop_add_to_cart_link_describedby_408\" data-quantity=\"1\" class=\"button product_type_simple add_to_cart_button ajax_add_to_cart\" data-product_id=\"408\" data-product_sku=\"\" aria-label=\"Ajouter au panier\u00a0: &ldquo;07. My Eyes (Powell) \u2013 David Powell&rdquo;\" rel=\"nofollow\" data-success_message=\"\u00ab\u00a007. My Eyes (Powell) \u2013 David Powell\u00a0\u00bb a \u00e9t\u00e9 ajout\u00e9 \u00e0 votre panier\">Ajouter au panier<\/a>\t<span id=\"woocommerce_loop_add_to_cart_link_describedby_408\" class=\"screen-reader-text\">\n\t\t\t<\/span>\n<\/p><\/p>\n<audio class=\"wp-audio-shortcode\" id=\"audio-419-7\" preload=\"none\" style=\"width: 100%;\" controls=\"controls\"><source type=\"audio\/mpeg\" src=\"http:\/\/www.cousumouche.com\/cordiers\/wp-content\/uploads\/2018\/04\/07-my-eyes_extrait.mp3?_=7\" \/><a href=\"http:\/\/www.cousumouche.com\/cordiers\/wp-content\/uploads\/2018\/04\/07-my-eyes_extrait.mp3\">http:\/\/www.cousumouche.com\/cordiers\/wp-content\/uploads\/2018\/04\/07-my-eyes_extrait.mp3<\/a><\/audio>\n<p>08. Tout va bien (Perruchoud) \u2013 Micha\u00ebl Perruchoud <p class=\"product woocommerce add_to_cart_inline \" style=\"border:4px solid #ccc; padding: 12px;\"><span class=\"woocommerce-Price-amount amount\"><bdi>1,49&nbsp;<span class=\"woocommerce-Price-currencySymbol\">&#67;&#72;&#70;<\/span><\/bdi><\/span><a href=\"?add-to-cart=409\" aria-describedby=\"woocommerce_loop_add_to_cart_link_describedby_409\" data-quantity=\"1\" class=\"button product_type_simple add_to_cart_button ajax_add_to_cart\" data-product_id=\"409\" data-product_sku=\"\" aria-label=\"Ajouter au panier\u00a0: &ldquo;08. Tout va bien (Perruchoud) \u2013 Micha\u00ebl Perruchoud&rdquo;\" rel=\"nofollow\" data-success_message=\"\u00ab\u00a008. Tout va bien (Perruchoud) \u2013 Micha\u00ebl Perruchoud\u00a0\u00bb a \u00e9t\u00e9 ajout\u00e9 \u00e0 votre panier\">Ajouter au panier<\/a>\t<span id=\"woocommerce_loop_add_to_cart_link_describedby_409\" class=\"screen-reader-text\">\n\t\t\t<\/span>\n<\/p><\/p>\n<audio class=\"wp-audio-shortcode\" id=\"audio-419-8\" preload=\"none\" style=\"width: 100%;\" controls=\"controls\"><source type=\"audio\/mpeg\" src=\"http:\/\/www.cousumouche.com\/cordiers\/wp-content\/uploads\/2018\/04\/08-tout-va-bien_extrait.mp3?_=8\" \/><a href=\"http:\/\/www.cousumouche.com\/cordiers\/wp-content\/uploads\/2018\/04\/08-tout-va-bien_extrait.mp3\">http:\/\/www.cousumouche.com\/cordiers\/wp-content\/uploads\/2018\/04\/08-tout-va-bien_extrait.mp3<\/a><\/audio>\n<p>09. Les fleurs te font pleurer (Couture) \u2013 S\u00e9bastien Gabriel <p class=\"product woocommerce add_to_cart_inline \" style=\"border:4px solid #ccc; padding: 12px;\"><span class=\"woocommerce-Price-amount amount\"><bdi>1,49&nbsp;<span class=\"woocommerce-Price-currencySymbol\">&#67;&#72;&#70;<\/span><\/bdi><\/span><a href=\"?add-to-cart=410\" aria-describedby=\"woocommerce_loop_add_to_cart_link_describedby_410\" data-quantity=\"1\" class=\"button product_type_simple add_to_cart_button ajax_add_to_cart\" data-product_id=\"410\" data-product_sku=\"\" aria-label=\"Ajouter au panier\u00a0: &ldquo;09. Les fleurs te font pleurer (Couture) \u2013 S\u00e9bastien Gabriel&rdquo;\" rel=\"nofollow\" data-success_message=\"\u00ab\u00a009. Les fleurs te font pleurer (Couture) \u2013 S\u00e9bastien Gabriel\u00a0\u00bb a \u00e9t\u00e9 ajout\u00e9 \u00e0 votre panier\">Ajouter au panier<\/a>\t<span id=\"woocommerce_loop_add_to_cart_link_describedby_410\" class=\"screen-reader-text\">\n\t\t\t<\/span>\n<\/p><\/p>\n<audio class=\"wp-audio-shortcode\" id=\"audio-419-9\" preload=\"none\" style=\"width: 100%;\" controls=\"controls\"><source type=\"audio\/mpeg\" src=\"http:\/\/www.cousumouche.com\/cordiers\/wp-content\/uploads\/2018\/04\/09-les-fleurs-te-font-pleurer_extrait.mp3?_=9\" \/><a href=\"http:\/\/www.cousumouche.com\/cordiers\/wp-content\/uploads\/2018\/04\/09-les-fleurs-te-font-pleurer_extrait.mp3\">http:\/\/www.cousumouche.com\/cordiers\/wp-content\/uploads\/2018\/04\/09-les-fleurs-te-font-pleurer_extrait.mp3<\/a><\/audio>\n<p>10. Prendre (Perruchoud\/Weber) \u2013 Micha\u00ebl Perruchoud <p class=\"product woocommerce add_to_cart_inline \" style=\"border:4px solid #ccc; padding: 12px;\"><span class=\"woocommerce-Price-amount amount\"><bdi>1,49&nbsp;<span class=\"woocommerce-Price-currencySymbol\">&#67;&#72;&#70;<\/span><\/bdi><\/span><a href=\"?add-to-cart=411\" aria-describedby=\"woocommerce_loop_add_to_cart_link_describedby_411\" data-quantity=\"1\" class=\"button product_type_simple add_to_cart_button ajax_add_to_cart\" data-product_id=\"411\" data-product_sku=\"\" aria-label=\"Ajouter au panier\u00a0: &ldquo;10. Prendre (Perruchoud\/Weber) \u2013 Micha\u00ebl Perruchoud&rdquo;\" rel=\"nofollow\" data-success_message=\"\u00ab\u00a010. Prendre (Perruchoud\/Weber) \u2013 Micha\u00ebl Perruchoud\u00a0\u00bb a \u00e9t\u00e9 ajout\u00e9 \u00e0 votre panier\">Ajouter au panier<\/a>\t<span id=\"woocommerce_loop_add_to_cart_link_describedby_411\" class=\"screen-reader-text\">\n\t\t\t<\/span>\n<\/p><\/p>\n<audio class=\"wp-audio-shortcode\" id=\"audio-419-10\" preload=\"none\" style=\"width: 100%;\" controls=\"controls\"><source type=\"audio\/mpeg\" src=\"http:\/\/www.cousumouche.com\/cordiers\/wp-content\/uploads\/2018\/04\/10-prendre_extrait.mp3?_=10\" \/><a href=\"http:\/\/www.cousumouche.com\/cordiers\/wp-content\/uploads\/2018\/04\/10-prendre_extrait.mp3\">http:\/\/www.cousumouche.com\/cordiers\/wp-content\/uploads\/2018\/04\/10-prendre_extrait.mp3<\/a><\/audio>\n<p>11. It\u2019s Not You (Powell) \u2013 David Powell <p class=\"product woocommerce add_to_cart_inline \" style=\"border:4px solid #ccc; padding: 12px;\"><span class=\"woocommerce-Price-amount amount\"><bdi>1,49&nbsp;<span class=\"woocommerce-Price-currencySymbol\">&#67;&#72;&#70;<\/span><\/bdi><\/span><a href=\"?add-to-cart=412\" aria-describedby=\"woocommerce_loop_add_to_cart_link_describedby_412\" data-quantity=\"1\" class=\"button product_type_simple add_to_cart_button ajax_add_to_cart\" data-product_id=\"412\" data-product_sku=\"\" aria-label=\"Ajouter au panier\u00a0: &ldquo;11. It\u2019s Not You (Powell) \u2013 David Powell&rdquo;\" rel=\"nofollow\" data-success_message=\"\u00ab\u00a011. It\u2019s Not You (Powell) \u2013 David Powell\u00a0\u00bb a \u00e9t\u00e9 ajout\u00e9 \u00e0 votre panier\">Ajouter au panier<\/a>\t<span id=\"woocommerce_loop_add_to_cart_link_describedby_412\" class=\"screen-reader-text\">\n\t\t\t<\/span>\n<\/p><\/p>\n<audio class=\"wp-audio-shortcode\" id=\"audio-419-11\" preload=\"none\" style=\"width: 100%;\" controls=\"controls\"><source type=\"audio\/mpeg\" src=\"http:\/\/www.cousumouche.com\/cordiers\/wp-content\/uploads\/2018\/04\/11-it-s-not-you_extrait.mp3?_=11\" \/><a href=\"http:\/\/www.cousumouche.com\/cordiers\/wp-content\/uploads\/2018\/04\/11-it-s-not-you_extrait.mp3\">http:\/\/www.cousumouche.com\/cordiers\/wp-content\/uploads\/2018\/04\/11-it-s-not-you_extrait.mp3<\/a><\/audio>\n<p>12. Les Ombres allong\u00e9es (Perruchoud-Couture\/Couture) \u2013 S\u00e9bastien Gabriel <p class=\"product woocommerce add_to_cart_inline \" style=\"border:4px solid #ccc; padding: 12px;\"><span class=\"woocommerce-Price-amount amount\"><bdi>1,49&nbsp;<span class=\"woocommerce-Price-currencySymbol\">&#67;&#72;&#70;<\/span><\/bdi><\/span><a href=\"?add-to-cart=413\" aria-describedby=\"woocommerce_loop_add_to_cart_link_describedby_413\" data-quantity=\"1\" class=\"button product_type_simple add_to_cart_button ajax_add_to_cart\" data-product_id=\"413\" data-product_sku=\"\" aria-label=\"Ajouter au panier\u00a0: &ldquo;12. Les Ombres allong\u00e9es (Perruchoud-Couture\/Couture) \u2013 S\u00e9bastien Gabriel&rdquo;\" rel=\"nofollow\" data-success_message=\"\u00ab\u00a012. Les Ombres allong\u00e9es (Perruchoud-Couture\/Couture) \u2013 S\u00e9bastien Gabriel\u00a0\u00bb a \u00e9t\u00e9 ajout\u00e9 \u00e0 votre panier\">Ajouter au panier<\/a>\t<span id=\"woocommerce_loop_add_to_cart_link_describedby_413\" class=\"screen-reader-text\">\n\t\t\t<\/span>\n<\/p><\/p>\n<audio class=\"wp-audio-shortcode\" id=\"audio-419-12\" preload=\"none\" style=\"width: 100%;\" controls=\"controls\"><source type=\"audio\/mpeg\" src=\"http:\/\/www.cousumouche.com\/cordiers\/wp-content\/uploads\/2018\/04\/12-les-ombres-allongees_extrait.mp3?_=12\" \/><a href=\"http:\/\/www.cousumouche.com\/cordiers\/wp-content\/uploads\/2018\/04\/12-les-ombres-allongees_extrait.mp3\">http:\/\/www.cousumouche.com\/cordiers\/wp-content\/uploads\/2018\/04\/12-les-ombres-allongees_extrait.mp3<\/a><\/audio>\n<p>13. Tommy Tony (Perruchoud) \u2013 Micha\u00ebl Perruchoud <p class=\"product woocommerce add_to_cart_inline \" style=\"border:4px solid #ccc; padding: 12px;\"><span class=\"woocommerce-Price-amount amount\"><bdi>1,49&nbsp;<span class=\"woocommerce-Price-currencySymbol\">&#67;&#72;&#70;<\/span><\/bdi><\/span><a href=\"?add-to-cart=414\" aria-describedby=\"woocommerce_loop_add_to_cart_link_describedby_414\" data-quantity=\"1\" class=\"button product_type_simple add_to_cart_button ajax_add_to_cart\" data-product_id=\"414\" data-product_sku=\"\" aria-label=\"Ajouter au panier\u00a0: &ldquo;13. Tommy Tony (Perruchoud) \u2013 Micha\u00ebl Perruchoud&rdquo;\" rel=\"nofollow\" data-success_message=\"\u00ab\u00a013. Tommy Tony (Perruchoud) \u2013 Micha\u00ebl Perruchoud\u00a0\u00bb a \u00e9t\u00e9 ajout\u00e9 \u00e0 votre panier\">Ajouter au panier<\/a>\t<span id=\"woocommerce_loop_add_to_cart_link_describedby_414\" class=\"screen-reader-text\">\n\t\t\t<\/span>\n<\/p><\/p>\n<audio class=\"wp-audio-shortcode\" id=\"audio-419-13\" preload=\"none\" style=\"width: 100%;\" controls=\"controls\"><source type=\"audio\/mpeg\" src=\"http:\/\/www.cousumouche.com\/cordiers\/wp-content\/uploads\/2018\/04\/13-tommy-tony_extrait.mp3?_=13\" \/><a href=\"http:\/\/www.cousumouche.com\/cordiers\/wp-content\/uploads\/2018\/04\/13-tommy-tony_extrait.mp3\">http:\/\/www.cousumouche.com\/cordiers\/wp-content\/uploads\/2018\/04\/13-tommy-tony_extrait.mp3<\/a><\/audio>\n","protected":false},"excerpt":{"rendered":"<p>(au format mp3 (320 kbps))<\/p>\n","protected":false},"featured_media":420,"comment_status":"open","ping_status":"closed","template":"","meta":[],"product_cat":[19],"product_tag":[],"class_list":{"0":"post-419","1":"product","2":"type-product","3":"status-publish","4":"has-post-thumbnail","6":"product_cat-non-classe","8":"first","9":"instock","10":"downloadable","11":"virtual","12":"purchasable","13":"product-type-simple"},"_links":{"self":[{"href":"https:\/\/www.cousumouche.com\/cordiers\/index.php\/wp-json\/wp\/v2\/product\/419"}],"collection":[{"href":"https:\/\/www.cousumouche.com\/cordiers\/index.php\/wp-json\/wp\/v2\/product"}],"about":[{"href":"https:\/\/www.cousumouche.com\/cordiers\/index.php\/wp-json\/wp\/v2\/types\/product"}],"replies":[{"embeddable":true,"href":"https:\/\/www.cousumouche.com\/cordiers\/index.php\/wp-json\/wp\/v2\/comments?post=419"}],"wp:featuredmedia":[{"embeddable":true,"href":"https:\/\/www.cousumouche.com\/cordiers\/index.php\/wp-json\/wp\/v2\/media\/420"}],"wp:attachment":[{"href":"https:\/\/www.cousumouche.com\/cordiers\/index.php\/wp-json\/wp\/v2\/media?parent=419"}],"wp:term":[{"taxonomy":"product_cat","embeddable":true,"href":"https:\/\/www.cousumouche.com\/cordiers\/index.php\/wp-json\/wp\/v2\/product_cat?post=419"},{"taxonomy":"product_tag","embeddable":true,"href":"https:\/\/www.cousumouche.com\/cordiers\/index.php\/wp-json\/wp\/v2\/product_tag?post=419"}],"curies":[{"name":"wp","href":"https:\/\/api.w.org\/{rel}","templated":true}]}}