{"id":7385,"date":"2026-02-11T17:06:15","date_gmt":"2026-02-11T16:06:15","guid":{"rendered":"https:\/\/www.cousumouche.com\/?page_id=7385"},"modified":"2026-03-04T10:31:24","modified_gmt":"2026-03-04T09:31:24","slug":"bocquet-fred-2","status":"publish","type":"page","link":"https:\/\/www.cousumouche.com\/?page_id=7385","title":{"rendered":"Krauthammer Philippe"},"content":{"rendered":"\n<h1 class=\"wp-block-heading\">Enqu\u00eate Baumann<\/h1>\n\n\n\n<h3 class=\"wp-block-heading\">Photos de couverture : Jay Louvion (libres de droits)<\/h3>\n\n\n\n<div class=\"wp-block-columns is-layout-flex wp-container-core-columns-is-layout-9d6595d7 wp-block-columns-is-layout-flex\">\n<div class=\"wp-block-column is-layout-flow wp-block-column-is-layout-flow\" style=\"flex-basis:100%\">\n<div class=\"wp-block-group\"><div class=\"wp-block-group__inner-container is-layout-constrained wp-block-group-is-layout-constrained\">\n<p>(cliquer sur les vignettes pour acc\u00e9der aux photos haute d\u00e9finition ou aux documents)<\/p>\n\n\n<div class=\"wp-block-image\">\n<figure class=\"alignleft size-full is-resized\"><a href=\"http:\/\/www.cousumouche.com\/wp-content\/uploads\/2026\/02\/COUV_Enquete-Baumann_186mm-1.pdf\" target=\"_blank\" rel=\" noreferrer noopener\"><img loading=\"lazy\" decoding=\"async\" width=\"1525\" height=\"2285\" src=\"http:\/\/www.cousumouche.com\/wp-content\/uploads\/2026\/02\/ENQUETE-BAUMANN-FINAL.jpeg\" alt=\"\" class=\"wp-image-7364\" style=\"width:auto;height:250px\"\/><\/a><\/figure>\n<\/div><\/div><\/div>\n<\/div>\n<\/div>\n\n\n\n<h3 class=\"wp-block-heading\">Photos : Jay Louvion (libres de droits)<\/h3>\n\n\n\n<figure class=\"wp-block-gallery alignleft has-nested-images columns-default is-cropped wp-block-gallery-1 is-layout-flex wp-block-gallery-is-layout-flex\">\n<figure class=\"wp-block-image size-large is-resized\"><a href=\"https:\/\/www.cousumouche.com\/wp-content\/uploads\/2026\/03\/JHD_1302-scaled.jpg\" target=\"_blank\" rel=\" noreferrer noopener\"><img loading=\"lazy\" decoding=\"async\" width=\"1024\" height=\"683\" data-id=\"7438\" src=\"https:\/\/www.cousumouche.com\/wp-content\/uploads\/2026\/03\/JHD_1302-1024x683.jpg\" alt=\"\" class=\"wp-image-7438\" style=\"width:250px\" srcset=\"https:\/\/www.cousumouche.com\/wp-content\/uploads\/2026\/03\/JHD_1302-1024x683.jpg 1024w, https:\/\/www.cousumouche.com\/wp-content\/uploads\/2026\/03\/JHD_1302-300x200.jpg 300w, https:\/\/www.cousumouche.com\/wp-content\/uploads\/2026\/03\/JHD_1302-768x512.jpg 768w, https:\/\/www.cousumouche.com\/wp-content\/uploads\/2026\/03\/JHD_1302-1536x1024.jpg 1536w, https:\/\/www.cousumouche.com\/wp-content\/uploads\/2026\/03\/JHD_1302-2048x1365.jpg 2048w, https:\/\/www.cousumouche.com\/wp-content\/uploads\/2026\/03\/JHD_1302-700x467.jpg 700w, https:\/\/www.cousumouche.com\/wp-content\/uploads\/2026\/03\/JHD_1302-332x221.jpg 332w, https:\/\/www.cousumouche.com\/wp-content\/uploads\/2026\/03\/JHD_1302-600x400.jpg 600w\" sizes=\"auto, (max-width: 1024px) 100vw, 1024px\" \/><\/a><\/figure>\n\n\n\n<figure class=\"wp-block-image size-large is-resized\"><a href=\"https:\/\/www.cousumouche.com\/wp-content\/uploads\/2026\/03\/JHD_1300-scaled.jpg\" target=\"_blank\" rel=\" noreferrer noopener\"><img loading=\"lazy\" decoding=\"async\" width=\"1024\" height=\"683\" data-id=\"7437\" src=\"https:\/\/www.cousumouche.com\/wp-content\/uploads\/2026\/03\/JHD_1300-1024x683.jpg\" alt=\"\" class=\"wp-image-7437\" style=\"width:250px\" srcset=\"https:\/\/www.cousumouche.com\/wp-content\/uploads\/2026\/03\/JHD_1300-1024x683.jpg 1024w, https:\/\/www.cousumouche.com\/wp-content\/uploads\/2026\/03\/JHD_1300-300x200.jpg 300w, https:\/\/www.cousumouche.com\/wp-content\/uploads\/2026\/03\/JHD_1300-768x512.jpg 768w, https:\/\/www.cousumouche.com\/wp-content\/uploads\/2026\/03\/JHD_1300-1536x1024.jpg 1536w, https:\/\/www.cousumouche.com\/wp-content\/uploads\/2026\/03\/JHD_1300-2048x1365.jpg 2048w, https:\/\/www.cousumouche.com\/wp-content\/uploads\/2026\/03\/JHD_1300-700x467.jpg 700w, https:\/\/www.cousumouche.com\/wp-content\/uploads\/2026\/03\/JHD_1300-332x221.jpg 332w, https:\/\/www.cousumouche.com\/wp-content\/uploads\/2026\/03\/JHD_1300-600x400.jpg 600w\" sizes=\"auto, (max-width: 1024px) 100vw, 1024px\" \/><\/a><\/figure>\n<\/figure>\n\n\n\n<figure class=\"wp-block-gallery has-nested-images columns-default is-cropped wp-block-gallery-2 is-layout-flex wp-block-gallery-is-layout-flex\">\n<figure class=\"wp-block-image size-large is-resized\"><a href=\"https:\/\/www.cousumouche.com\/wp-content\/uploads\/2026\/03\/JHD_1214-scaled.jpg\" target=\"_blank\" rel=\" noreferrer noopener\"><img loading=\"lazy\" decoding=\"async\" width=\"683\" height=\"1024\" data-id=\"7435\" src=\"https:\/\/www.cousumouche.com\/wp-content\/uploads\/2026\/03\/JHD_1214-683x1024.jpg\" alt=\"\" class=\"wp-image-7435\" style=\"width:250px\" srcset=\"https:\/\/www.cousumouche.com\/wp-content\/uploads\/2026\/03\/JHD_1214-683x1024.jpg 683w, https:\/\/www.cousumouche.com\/wp-content\/uploads\/2026\/03\/JHD_1214-200x300.jpg 200w, https:\/\/www.cousumouche.com\/wp-content\/uploads\/2026\/03\/JHD_1214-768x1152.jpg 768w, https:\/\/www.cousumouche.com\/wp-content\/uploads\/2026\/03\/JHD_1214-1024x1536.jpg 1024w, https:\/\/www.cousumouche.com\/wp-content\/uploads\/2026\/03\/JHD_1214-1365x2048.jpg 1365w, https:\/\/www.cousumouche.com\/wp-content\/uploads\/2026\/03\/JHD_1214-700x1050.jpg 700w, https:\/\/www.cousumouche.com\/wp-content\/uploads\/2026\/03\/JHD_1214-332x498.jpg 332w, https:\/\/www.cousumouche.com\/wp-content\/uploads\/2026\/03\/JHD_1214-600x900.jpg 600w, https:\/\/www.cousumouche.com\/wp-content\/uploads\/2026\/03\/JHD_1214-scaled.jpg 1707w\" sizes=\"auto, (max-width: 683px) 100vw, 683px\" \/><\/a><\/figure>\n\n\n\n<figure class=\"wp-block-image size-large is-resized\"><a href=\"https:\/\/www.cousumouche.com\/wp-content\/uploads\/2026\/03\/JHD_1258-scaled.jpg\" target=\"_blank\" rel=\" noreferrer noopener\"><img loading=\"lazy\" decoding=\"async\" width=\"683\" height=\"1024\" data-id=\"7439\" src=\"https:\/\/www.cousumouche.com\/wp-content\/uploads\/2026\/03\/JHD_1258-683x1024.jpg\" alt=\"\" class=\"wp-image-7439\" style=\"width:250px\" srcset=\"https:\/\/www.cousumouche.com\/wp-content\/uploads\/2026\/03\/JHD_1258-683x1024.jpg 683w, https:\/\/www.cousumouche.com\/wp-content\/uploads\/2026\/03\/JHD_1258-200x300.jpg 200w, https:\/\/www.cousumouche.com\/wp-content\/uploads\/2026\/03\/JHD_1258-768x1152.jpg 768w, https:\/\/www.cousumouche.com\/wp-content\/uploads\/2026\/03\/JHD_1258-1024x1536.jpg 1024w, https:\/\/www.cousumouche.com\/wp-content\/uploads\/2026\/03\/JHD_1258-1365x2048.jpg 1365w, https:\/\/www.cousumouche.com\/wp-content\/uploads\/2026\/03\/JHD_1258-700x1050.jpg 700w, https:\/\/www.cousumouche.com\/wp-content\/uploads\/2026\/03\/JHD_1258-332x498.jpg 332w, https:\/\/www.cousumouche.com\/wp-content\/uploads\/2026\/03\/JHD_1258-600x900.jpg 600w, https:\/\/www.cousumouche.com\/wp-content\/uploads\/2026\/03\/JHD_1258-scaled.jpg 1707w\" sizes=\"auto, (max-width: 683px) 100vw, 683px\" \/><\/a><\/figure>\n<\/figure>\n","protected":false},"excerpt":{"rendered":"<p>Enqu\u00eate Baumann Photos de couverture : Jay Louvion (libres de droits) (cliquer sur les vignettes pour acc\u00e9der aux photos haute d\u00e9finition ou aux documents) Photos : Jay Louvion (libres de droits)<\/p>\n","protected":false},"author":1,"featured_media":0,"parent":0,"menu_order":0,"comment_status":"closed","ping_status":"closed","template":"","meta":{"footnotes":""},"class_list":["post-7385","page","type-page","status-publish","hentry","column","fourcol"],"_links":{"self":[{"href":"https:\/\/www.cousumouche.com\/index.php?rest_route=\/wp\/v2\/pages\/7385","targetHints":{"allow":["GET"]}}],"collection":[{"href":"https:\/\/www.cousumouche.com\/index.php?rest_route=\/wp\/v2\/pages"}],"about":[{"href":"https:\/\/www.cousumouche.com\/index.php?rest_route=\/wp\/v2\/types\/page"}],"author":[{"embeddable":true,"href":"https:\/\/www.cousumouche.com\/index.php?rest_route=\/wp\/v2\/users\/1"}],"replies":[{"embeddable":true,"href":"https:\/\/www.cousumouche.com\/index.php?rest_route=%2Fwp%2Fv2%2Fcomments&post=7385"}],"version-history":[{"count":5,"href":"https:\/\/www.cousumouche.com\/index.php?rest_route=\/wp\/v2\/pages\/7385\/revisions"}],"predecessor-version":[{"id":7446,"href":"https:\/\/www.cousumouche.com\/index.php?rest_route=\/wp\/v2\/pages\/7385\/revisions\/7446"}],"wp:attachment":[{"href":"https:\/\/www.cousumouche.com\/index.php?rest_route=%2Fwp%2Fv2%2Fmedia&parent=7385"}],"curies":[{"name":"wp","href":"https:\/\/api.w.org\/{rel}","templated":true}]}}