{"id":64,"date":"2014-06-10T15:14:11","date_gmt":"2014-06-10T14:14:11","guid":{"rendered":"http:\/\/www.cousumouche.com\/plusbellechanson\/?page_id=64"},"modified":"2014-06-18T13:44:38","modified_gmt":"2014-06-18T12:44:38","slug":"qui-comment-pourquoi","status":"publish","type":"page","link":"https:\/\/www.cousumouche.com\/plusbellechanson\/?page_id=64","title":{"rendered":"Qui, comment, pourquoi?"},"content":{"rendered":"<p>Ce blog a \u00e9t\u00e9 mis en place \u00e0 l\u2019instigation de l\u2019<a href=\"http:\/\/www.lateuf.net\/\" target=\"_blank\"><strong>Association La Teuf<\/strong><\/a> qui \u0153uvre passionn\u00e9ment pour la chanson d\u2019expression francophone depuis l\u2019an de gr\u00e2ce 2004. Un ouvrage tir\u00e9 de ces textes devrait \u00eatre publi\u00e9 en novembre pour comm\u00e9morer les dix ans d\u2019existence de ces pr\u00e9cieux \u00e9nergum\u00e8nes.<\/p>\n<p>L\u2019id\u00e9e de <strong><em>Je ne laisserai jamais dire que ce n\u2019est pas la plus belle chanson du monde<\/em><\/strong> est n\u00e9e d\u2019une discussion entre le journaliste <strong>\u00c9ric Bulliard<\/strong> et l\u2019\u00e9crivain <strong>Micha\u00ebl Perruchoud<\/strong>, alors qu\u2019ils buvaient une bi\u00e8re en attendant l\u2019ap\u00e9ro. Ils se sont envoy\u00e9 quelques textes en forme de joute amicale, et puis ils ont ouvert leurs portes \u00e0 d\u2019autres plumes, puisque chacun a le droit de plaider pour la chanson qui lui pla\u00eet, m\u00eame les auditeurs FM aux portugaises embrum\u00e9es.<\/p>\n<p><strong>Auteurs responsables<\/strong><\/p>\n<p>\u00c9ric Bulliard, Micha\u00ebl Perruchoud, S\u00e9bastien Couture<\/p>\n<p><strong>Mise au point<\/strong><\/p>\n<p>\u00c0 ceux qui s\u2019\u00e9tonnent que certains d\u2019entre nous aient pu signer plusieurs textes, qui arguent qu\u2019on ne peut d\u00e9fendre qu\u2019il existe plusieurs chansons du monde, nous tenons \u00e0 r\u00e9pondre ceci\u00a0:<\/p>\n<p>Nous ne pr\u00e9tendons \u00e0 aucun endroit que cette merveilleuse chanson-ci ou ce chef-d\u2019\u0153uvre-l\u00e0 est le seul et l\u2019unique plus beau morceau de l\u2019histoire de la chanson, nous disons simplement que nous ne laisserons personne, jamais, pr\u00e9tendre qu\u2019il ne l\u2019est pas.<\/p>\n<p>Et il y a plusieurs chansons sur lesquelles il ne faut pas venir nous chercher.<\/p>\n<p>C\u2019est clair\u00a0?<\/p>\n<p>Quoi\u00a0?! Nous sommes de mauvaise foi, dites-vous\u00a0?<\/p>\n<p><strong>Bien s\u00fbr, c\u2019est justement le principe de ces textes\u00a0: \u00eatre totalement sinc\u00e8re et d\u2019une mauvaise foi parfaite\u00a0!<\/strong><\/p>\n","protected":false},"excerpt":{"rendered":"<p>Ce blog a \u00e9t\u00e9 mis en place \u00e0 l\u2019instigation de l\u2019Association La Teuf qui \u0153uvre passionn\u00e9ment pour la chanson d\u2019expression francophone depuis l\u2019an de gr\u00e2ce 2004. Un ouvrage tir\u00e9 de ces textes devrait \u00eatre publi\u00e9 en novembre pour comm\u00e9morer les dix ans d\u2019existence de ces pr\u00e9cieux \u00e9nergum\u00e8nes. L\u2019id\u00e9e de Je ne laisserai jamais dire que &hellip; <a href=\"https:\/\/www.cousumouche.com\/plusbellechanson\/?page_id=64\" class=\"more-link\">Continuer la lecture de <span class=\"screen-reader-text\">Qui, comment, pourquoi?<\/span> <span class=\"meta-nav\">&rarr;<\/span><\/a><\/p>\n","protected":false},"author":1,"featured_media":0,"parent":0,"menu_order":0,"comment_status":"open","ping_status":"open","template":"","meta":{"footnotes":""},"class_list":["post-64","page","type-page","status-publish","hentry"],"_links":{"self":[{"href":"https:\/\/www.cousumouche.com\/plusbellechanson\/index.php?rest_route=\/wp\/v2\/pages\/64","targetHints":{"allow":["GET"]}}],"collection":[{"href":"https:\/\/www.cousumouche.com\/plusbellechanson\/index.php?rest_route=\/wp\/v2\/pages"}],"about":[{"href":"https:\/\/www.cousumouche.com\/plusbellechanson\/index.php?rest_route=\/wp\/v2\/types\/page"}],"author":[{"embeddable":true,"href":"https:\/\/www.cousumouche.com\/plusbellechanson\/index.php?rest_route=\/wp\/v2\/users\/1"}],"replies":[{"embeddable":true,"href":"https:\/\/www.cousumouche.com\/plusbellechanson\/index.php?rest_route=%2Fwp%2Fv2%2Fcomments&post=64"}],"version-history":[{"count":2,"href":"https:\/\/www.cousumouche.com\/plusbellechanson\/index.php?rest_route=\/wp\/v2\/pages\/64\/revisions"}],"predecessor-version":[{"id":117,"href":"https:\/\/www.cousumouche.com\/plusbellechanson\/index.php?rest_route=\/wp\/v2\/pages\/64\/revisions\/117"}],"wp:attachment":[{"href":"https:\/\/www.cousumouche.com\/plusbellechanson\/index.php?rest_route=%2Fwp%2Fv2%2Fmedia&parent=64"}],"curies":[{"name":"wp","href":"https:\/\/api.w.org\/{rel}","templated":true}]}}